{"id":7,"date":"2024-05-14T15:05:43","date_gmt":"2024-05-14T15:05:43","guid":{"rendered":"https:\/\/poggicargo.com.br\/index.php\/empowerwp-pro\/"},"modified":"2024-08-27T21:44:04","modified_gmt":"2024-08-27T21:44:04","slug":"empowerwp-pro","status":"publish","type":"page","link":"https:\/\/poggicargo.com.br\/","title":{"rendered":"Front Page"},"content":{"rendered":"<div  data-label=\"Overlappable\" data-id=\"overlappable--1\" data-export-id=\"overlappable-4\" data-category=\"overlappable\" class=\"overlappable-4 content-section content-section-spacing content-relative\" data-overlap=\"true\" id=\"overlappable-2\" style=\"background-color: rgba(255, 255, 255, 0); background-image: none;\"><div  class=\"gridContainer\"> <div  data-type=\"row\" class=\"row spaced-cols text-center\"><div  class=\"col-xs-12 col-sm-4 col-padding\"> <i  class=\"fa icon fa-clone large shadow-large-black round aligncenter reverse color1\"><\/i> <div  data-type=\"column\" class=\"\"> <h5  class=\"\">REDUND\u00c2NCIA E SEGURAN\u00c7A<\/h5> <p  class=\"\">Todos os sistemas de gest\u00e3o est\u00e3o integrados e garantem total transpar\u00eancia e vis\u00e3o da sua opera\u00e7\u00e3o<\/p><\/div> <\/div> <div  class=\"col-xs-12 col-sm-4 col-padding\"> <i  class=\"fa icon fa-cogs large shadow-large-black round aligncenter reverse color1\"><\/i> <div  data-type=\"column\" class=\"\"><h5  class=\"\">FROTA SEMPRE NOVA<\/h5> <p  class=\"\">Ve\u00edculos novos e revisados. A apresenta\u00e7\u00e3o da sua entrega ser\u00e1 impec\u00e1vel e pontual como o seu evento merece<\/p><\/div> <\/div> <div  class=\"col-xs-12 col-sm-4 col-padding\"> <i  class=\"fa icon fa-magic large shadow-large-black round aligncenter reverse color1\"><\/i> <div  data-type=\"column\" class=\"\"><h5  class=\"\">GENTILEZA E ATEN\u00c7\u00c3O<\/h5> <p  class=\"\">A nossa equipe est\u00e1 sempre disposta e dispon\u00edvel para o pronto atendimento a sua demanda. Estamos aqui 24\u00d77.<\/p><\/div> <\/div><\/div> <\/div><\/div><div  id=\"about-1\" style=\"background-color: #ffffff;\" data-label=\"About\" data-id=\"about-images-right-section-mc\" data-export-id=\"about-images-right-section-mc\" data-category=\"about\" class=\"about-images-right-section content-section content-section-spacing\"><div  class=\"gridContainer\"> <div  class=\"row middle-sm text-center\"><div  class=\"col-sm-5 content-left-sm\" data-type=\"column\"> <h5  class=\"\">Conhe\u00e7a a nossa hist\u00f3ria<\/h5> <h2  class=\"\">GP Transporte?<\/h2> <p  class=\"\">Inaugurada em 2004 sob o nome de GP Transporte, nossa empresa emergiu com a vis\u00e3o pioneira de oferecer solu\u00e7\u00f5es \u00e1geis e eficientes para a distribui\u00e7\u00e3o de cargas expressas em todos os segmentos do Brasil. Com uma abrang\u00eancia que cobre tanto o transporte a\u00e9reo quanto o rodovi\u00e1rio, nos destacamos pela nossa versatilidade e compromisso com a excel\u00eancia.<\/p> <a class=\"button color-black\" href=\"https:\/\/gptransporte.apesix.com.br\/index.php\/2024\/05\/21\/gp-poggi-cargo-servicos-gp-transporte\" target=\"_blank\" data-cp-link=\"1\" data-icon=\"\" rel=\"noopener\">VEJA A HIST\u00d3RIA COMPLETA<\/a><\/div> <div  class=\"col-sm-7 space-bottom-xs\"><div  class=\"image-group-side-3-img\"> <img  decoding=\"async\" class=\"topimg shadow-large\" src=\"https:\/\/gptransporte.apesix.com.br\/wp-content\/uploads\/2024\/05\/cropped-Poggi-Mockup-2-scaled-1.jpg\" title=\"Poggi-Mockup (2)\" alt=\"\"> <img  decoding=\"async\" class=\"rightimg shadow-large\" src=\"https:\/\/gptransporte.apesix.com.br\/wp-content\/uploads\/2024\/05\/cropped-Poggi-Mockup-4.jpg\" title=\"cropped-Poggi-Mockup-4.jpg\" alt=\"\"> <div  class=\"leftimg\"> <img  decoding=\"async\" class=\"shadow-large\" src=\"https:\/\/gptransporte.apesix.com.br\/wp-content\/uploads\/2024\/05\/cropped-Poggi-Mockup-1-scaled-1.jpg\" title=\"Poggi-Mockup (1)\" alt=\"\"><\/div> <\/div><\/div> <\/div><\/div> <\/div><div  id=\"content-13\" style=\"background-color: #ffffff;\" data-label=\"Content\" data-id=\"content-2\" data-export-id=\"content-2\" data-category=\"content\" class=\"content-2 content-section content-section-spacing\"><div > <div  class=\"row middle-xs\"><div  class=\"col-sm-5 bg-image shadow-large-black\" data-bg=\"image\" style=\"background-image: url(&quot;https:\/\/gptransporte.apesix.com.br\/wp-content\/uploads\/2024\/05\/cropped-closeup-diverse-people-joining-their-hands-scaled-1.jpg&quot;);\"><\/div> <div  class=\"col-sm-7 full-col-left-padding full-col-right-padding\"> <div  class=\"row\"> <div  data-type=\"column\" class=\"space-bottom-small content-title-col\"> <h5  class=\"\">SOBRE N\u00d3S<\/h5> <h2  class=\"\">Vis\u00e3o e Valores<\/h2> <p  class=\"\"><b >A Nossa Vis\u00e3o<\/b> \u00e9 a de uma vigil\u00e2ncia constante e uma adaptabilidade estrat\u00e9gica aos movimentos do mercado. Estamos sempre evoluindo, mantendo o passo com as demandas din\u00e2micas do setor e priorizando a qualidade impec\u00e1vel dos nossos servi\u00e7os. A cada novo dia, nos dedicamos a aprimorar e a inovar, mantendo-nos na vanguarda do setor de log\u00edstica.<br ><b >\n<br ><br >Os Nossos Valores<\/b> s\u00e3o o alicerce de nossa opera\u00e7\u00e3o. A transpar\u00eancia \u00e9 a pedra angular do nosso trabalho, garantindo que cada servi\u00e7o prestado seja um reflexo da nossa integridade. Valorizamos e investimos no bem-estar dos nossos colaboradores, assegurando condi\u00e7\u00f5es de trabalho exemplares. A seguran\u00e7a e o respeito \u00e0s normativas legais s\u00e3o inegoci\u00e1veis, assim como a efic\u00e1cia e a cordialidade no atendimento aos nossos clientes, fornecedores e entidades governamentais.<\/p><\/div> <\/div> <div  class=\"row spaced-cols \" data-type=\"row\">    <div  class=\"col-xs-6\" data-type=\"column\"> <\/div> <\/div><\/div> <\/div><\/div> <\/div><div  id=\"content-14\" style=\"background-color: #f5fafd;\" data-label=\"Content\" data-id=\"content-3\" data-export-id=\"content-3\" data-category=\"content\" class=\"content-3 content-section content-section-spacing\"><div > <div  class=\"row middle-xs\"><div  class=\"col-sm-7 full-col-left-padding full-col-right-padding\"> <div  class=\"row\"><div  data-type=\"column\" class=\"space-bottom-small content-title-col\"> <h5  class=\"\">ESTRUTURA PROFISSIONAL<\/h5> <h2  class=\"\">O melhor para o seu evento<\/h2> <p  class=\"\">Nossa localiza\u00e7\u00e3o \u00e9 estrat\u00e9gica: situamo-nos em Guarulhos, regi\u00e3o metropolitana de S\u00e3o Paulo, nas imedia\u00e7\u00f5es do <b >Aeroporto de Guarulhos<\/b> \u2014 o mais extenso da Am\u00e9rica do Sul e do Brasil \u2014, o que nos proporciona um acesso facilitado tanto \u00e0 capital paulista quanto \u00e0 sua \u00e1rea conurbada.<br >\n\n<br ><br >A central de nossa empresa encontra-se em um<b > parque empresarial privado<\/b>, e a amplitude de nossas opera\u00e7\u00f5es \u00e9 garantida pela presen\u00e7a de representantes em todas as capitais do pa\u00eds. Dispomos de uma frota diversificada, incluindo ve\u00edculos pr\u00f3prios e terceirizados, todos sob constante vigil\u00e2ncia de um sistema de rastreamento via sat\u00e9lite de ponta, complementado por um sistema avan\u00e7ado de seguran\u00e7a para os compartimentos de carga.<\/p><\/div> <\/div> <div  class=\"row spaced-cols\" data-type=\"row\"> <div  class=\"col-xs-6\" data-type=\"column\">  <\/div>    <\/div><\/div> <div  class=\"col-sm-5 bg-image shadow-large-black revert-classes-holder\" data-bg=\"image\" style=\"background-image: url(&quot;https:\/\/gptransporte.apesix.com.br\/wp-content\/uploads\/2024\/05\/cropped-gru.jpg&quot;);\"><\/div><\/div> <\/div><\/div><div  id=\"counters-2\" style=\"background-color: #ffffff;\" data-label=\"Counters\" data-id=\"counters-2\" data-export-id=\"counters-2\" data-category=\"counters\" class=\"counters-2 content-section content-section-spacing\"><div  class=\"gridContainer\"> <div  class=\"row text-center\"><div  class=\"section-title-col\" data-type=\"column\"> <h2  class=\"\">Em n\u00fameros<\/h2> <p  class=\"lead\">Saiba mais sobre a opera\u00e7\u00e3o da<span  style=\"font-weight: 700;\"> GP&nbsp;<\/span><b ><span  style=\"font-weight: 700;\">P<\/span>oggi Cargo<\/b> (GP TRANSPORTE)<\/p><\/div> <\/div> <div  class=\"row\" data-type=\"row\"> <div  class=\"col-xs-12 col-sm-4 text-center space-bottom\"> <i  class=\"fa icon fa-plus-square-o color1\"><\/i> <h3  class=\"font-400\" data-min=\"0\" data-max=\"3000\" data-duration=\"2000\" data-prefix=\"\" data-suffix=\"+\" data-countup=\"true\" style=\"display: inline-block;\"><\/h3> <h5  class=\"upper color2\"><span  style=\"color: rgb(255, 0, 0);\">metros quadrados\n<\/span><br ><span  style=\"color: rgb(255, 0, 0);\">COM ELASTICIDADE (GRU)<\/span><\/h5><\/div> <div  class=\"col-xs-12 col-sm-4 text-center space-bottom\"><i  class=\"fa icon fa-truck color1\"><\/i> <h3  class=\"font-400\" data-min=\"0\" data-max=\"450\" data-duration=\"2000\" data-prefix=\"\" data-suffix=\"+\" data-countup=\"true\" style=\"display: inline-block;\"><\/h3> <h5  class=\"upper color2\"><span  style=\"color: rgb(255, 0, 0);\">carros dispon\u00edveis\n<\/span><br ><span  style=\"color: rgb(255, 0, 0);\">COBERTURA NACIONAL<\/span><\/h5><\/div> <div  class=\"col-xs-12 col-sm-4 text-center space-bottom\"><i  class=\"fa icon fa-dropbox color1\"><\/i> <h3  class=\"font-400\" data-min=\"0\" data-max=\"10000\" data-duration=\"2000\" data-prefix=\"\" data-suffix=\"+\" data-countup=\"true\" style=\"display: inline-block;\"><\/h3> <h5  class=\"upper color2\"><span  style=\"color: rgb(255, 0, 0);\">entregas por M\u00caS.&nbsp;<\/span><span  style=\"color: rgb(255, 0, 0);\">SLA de 99% Buscando os 100%<\/span><\/h5><\/div> <\/div><\/div> <\/div><div  data-label=\"Contact\" data-id=\"contact--1\" data-export-id=\"contact-4\" data-category=\"contact\" class=\"contact-4 content-section\" id=\"contact-1\" style=\"background-color: rgb(245, 250, 253);\"><div  class=\"\"> <div  class=\"row\"><div  class=\"col-xs-12 no-gutter-col\"> <div  data-content-shortcode=\"mesmerize_maps address=&quot;Av Monteiro Lobato 4550 - Centro Empresarial Airport Town - Galp\u00e3o 01 e 02 Asa 04 Acesso p\/ Rua In\u00fabia Paulista 03, Rod. Pres. Dutra, km 227 - C - Cidade Jardim Cumbica, Guarulhos - SP, 07180-000&quot; zoom=&quot;65&quot;\" data-editable=\"true\" class=\"\">        <div class=\"mesmerize-google-maps\" style=\"width:100%\">\n            <iframe style=\"width:100%; height:100%;min-height:inherit;display:block;\" src=\"https:\/\/maps.google.com\/maps?q=Av%20Monteiro%20Lobato%204550%20-%20Centro%20Empresarial%20Airport%20Town%20-%20Galp\u00e3o%2001%20e%2002%20Asa%2004%20Acesso%20p\/%20Rua%20In\u00fabia%20Paulista%2003,%20Rod.%20Pres.%20Dutra,%20km%20227%20-%20C%20-%20Cidade%20Jardim%20Cumbica,%20Guarulhos%20-%20SP,%2007180-000&#038;z=14&#038;output=embed&#038;iwloc=near\"><\/iframe>\n        <\/div>\n    <\/div><\/div> <\/div><\/div> <\/div>","protected":false},"excerpt":{"rendered":"<p>REDUND\u00c2NCIA E SEGURAN\u00c7A Todos os sistemas de gest\u00e3o est\u00e3o integrados e garantem total transpar\u00eancia e vis\u00e3o da sua opera\u00e7\u00e3o FROTA SEMPRE NOVA Ve\u00edculos novos e revisados. A apresenta\u00e7\u00e3o da sua entrega ser\u00e1 impec\u00e1vel e pontual como o seu evento merece GENTILEZA E ATEN\u00c7\u00c3O A nossa equipe est\u00e1 sempre disposta e dispon\u00edvel para o pronto atendimento&hellip; <br \/> <a class=\"read-more\" href=\"https:\/\/poggicargo.com.br\/\">Read more<\/a><\/p>\n","protected":false},"author":1,"featured_media":0,"parent":0,"menu_order":0,"comment_status":"closed","ping_status":"closed","template":"page-templates\/homepage.php","meta":{"footnotes":""},"class_list":["post-7","page","type-page","status-publish","hentry"],"_links":{"self":[{"href":"https:\/\/poggicargo.com.br\/index.php\/wp-json\/wp\/v2\/pages\/7","targetHints":{"allow":["GET"]}}],"collection":[{"href":"https:\/\/poggicargo.com.br\/index.php\/wp-json\/wp\/v2\/pages"}],"about":[{"href":"https:\/\/poggicargo.com.br\/index.php\/wp-json\/wp\/v2\/types\/page"}],"author":[{"embeddable":true,"href":"https:\/\/poggicargo.com.br\/index.php\/wp-json\/wp\/v2\/users\/1"}],"replies":[{"embeddable":true,"href":"https:\/\/poggicargo.com.br\/index.php\/wp-json\/wp\/v2\/comments?post=7"}],"version-history":[{"count":18,"href":"https:\/\/poggicargo.com.br\/index.php\/wp-json\/wp\/v2\/pages\/7\/revisions"}],"predecessor-version":[{"id":190,"href":"https:\/\/poggicargo.com.br\/index.php\/wp-json\/wp\/v2\/pages\/7\/revisions\/190"}],"wp:attachment":[{"href":"https:\/\/poggicargo.com.br\/index.php\/wp-json\/wp\/v2\/media?parent=7"}],"curies":[{"name":"wp","href":"https:\/\/api.w.org\/{rel}","templated":true}]}}